{"id":24,"date":"2026-01-30T16:10:19","date_gmt":"2026-01-30T16:10:19","guid":{"rendered":"https:\/\/cgsstock.2fcom.it\/?page_id=24"},"modified":"2026-02-05T10:09:10","modified_gmt":"2026-02-05T10:09:10","slug":"il-nostro-negozio","status":"publish","type":"page","link":"https:\/\/cgsstock.2fcom.it\/index.php\/il-nostro-negozio\/","title":{"rendered":"Il nostro negozio"},"content":{"rendered":"<p>[et_pb_section fb_built=&#8221;1&#8243; fullwidth=&#8221;on&#8221; _builder_version=&#8221;4.27.5&#8243; _module_preset=&#8221;default&#8221; bottom_divider_style=&#8221;curve&#8221; bottom_divider_color=&#8221;#FFFFFF&#8221; bottom_divider_height=&#8221;70px&#8221; global_colors_info=&#8221;{}&#8221;][et_pb_fullwidth_header title=&#8221;IL NOSTRO NEGOZIO&#8221; subhead=&#8221;&#8230;il tuo outlet di fiducia, equilibrio tra moda, qualit\u00e0 e risparmio.&#8221; header_fullscreen=&#8221;on&#8221; header_scroll_down=&#8221;on&#8221; scroll_down_icon=&#8221;%%7%%&#8221; scroll_down_icon_size=&#8221;43px&#8221; _builder_version=&#8221;4.27.5&#8243; _module_preset=&#8221;default&#8221; subhead_font_size=&#8221;39px&#8221; subhead_line_height=&#8221;1.3em&#8221; background_enable_color=&#8221;off&#8221; use_background_color_gradient=&#8221;on&#8221; background_color_gradient_direction=&#8221;118deg&#8221; background_color_gradient_stops=&#8221;rgba(0,0,0,0.65) 0%|rgba(0,104,130,0.55) 51%|rgba(0,104,130,0.11) 100%&#8221; background_color_gradient_overlays_image=&#8221;on&#8221; background_image=&#8221;https:\/\/cgsstock.2fcom.it\/wp-content\/uploads\/2026\/01\/img-home.jpg&#8221; parallax=&#8221;on&#8221; custom_margin=&#8221;-200px||||false|false&#8221; custom_padding=&#8221;||||false|false&#8221; locked=&#8221;off&#8221; global_colors_info=&#8221;{}&#8221;]<\/p>\n<p>TAG MEGA STORE \u00e8 il punto di riferimento per lo shopping outlet e stock dedicato ai privati, con un\u2019ampia selezione di abbigliamento, calzature e accessori per Uomo, Donna e Bambino, che unisce qualit\u00e0, stile e convenienza.<\/p>\n<p>[\/et_pb_fullwidth_header][\/et_pb_section][et_pb_section fb_built=&#8221;1&#8243; next_background_color=&#8221;#f0eee9&#8243; _builder_version=&#8221;4.27.5&#8243; _module_preset=&#8221;default&#8221; custom_margin=&#8221;||50px||false|false&#8221; custom_padding=&#8221;||50px||false|false&#8221; bottom_divider_style=&#8221;curve&#8221; bottom_divider_height=&#8221;70px&#8221; global_colors_info=&#8221;{}&#8221;][et_pb_row column_structure=&#8221;1_2,1_2&#8243; _builder_version=&#8221;4.27.5&#8243; _module_preset=&#8221;default&#8221; global_colors_info=&#8221;{}&#8221;][et_pb_column type=&#8221;1_2&#8243; _builder_version=&#8221;4.27.5&#8243; _module_preset=&#8221;default&#8221; global_colors_info=&#8221;{}&#8221;][et_pb_image src=&#8221;https:\/\/cgsstock.2fcom.it\/wp-content\/uploads\/2026\/02\/TAG_MEGA-black-300&#215;155.png&#8221; _builder_version=&#8221;4.27.5&#8243; _module_preset=&#8221;default&#8221; global_colors_info=&#8221;{}&#8221;][\/et_pb_image][et_pb_text _builder_version=&#8221;4.27.5&#8243; _module_preset=&#8221;default&#8221; global_colors_info=&#8221;{}&#8221;]<\/p>\n<p><strong>TAG MEGA STORE \u00e8 il negozio di C.G.S. Centro Gestione Stock dedicato esclusivamente ai privati,<\/strong> dove <strong>qualit\u00e0, convenienza e stile<\/strong> si incontrano in un\u2019esperienza di acquisto unica.<\/p>\n<p>All\u2019interno del nostro store \u00e8 possibile trovare un\u2019ampia selezione di <strong>abbigliamento, calzature e accessori provenienti da outlet e stock dei migliori fornitori, oltre a resi di fine stagione<\/strong>. Ogni articolo \u00e8 scelto con cura per garantire ai clienti prodotti di qualit\u00e0 a prezzi competitivi, con un\u2019attenzione particolare ai brand pi\u00f9 richiesti e alle tendenze del momento.<\/p>\n<p>[\/et_pb_text][\/et_pb_column][et_pb_column type=&#8221;1_2&#8243; _builder_version=&#8221;4.27.5&#8243; _module_preset=&#8221;default&#8221; global_colors_info=&#8221;{}&#8221;][et_pb_text _builder_version=&#8221;4.27.5&#8243; _module_preset=&#8221;default&#8221; global_colors_info=&#8221;{}&#8221;]<\/p>\n<p><strong>TAG MEGA STORE<\/strong> offre un assortimento sempre rinnovato, pensato per soddisfare le esigenze di Uomo, Donna e Bambino. La variet\u00e0 delle proposte e il continuo aggiornamento delle collezioni permettono di scoprire ogni giorno nuove opportunit\u00e0 di acquisto, con un <strong>perfetto equilibrio tra moda, qualit\u00e0 e risparmio<\/strong>.<\/p>\n<p>Il nostro obiettivo \u00e8 rendere lo <strong>shopping accessibile, conveniente e piacevole<\/strong>, offrendo ai clienti la possibilit\u00e0 di acquistare <strong>capi selezionati a condizioni vantaggiose<\/strong>, senza rinunciare allo stile e all\u2019affidabilit\u00e0 dei migliori marchi.<\/p>\n<p><strong>TAG MEGA STORE<\/strong> non \u00e8 solo un negozio, ma uno spazio dove<strong> la passione per la moda incontra l\u2019esperienza e la competenza di C.G.S.<\/strong>, per offrire un servizio attento e un\u2019offerta sempre in linea con le esigenze del mercato e dei consumatori.<\/p>\n<p>[\/et_pb_text][et_pb_text _builder_version=&#8221;4.27.5&#8243; _module_preset=&#8221;default&#8221; header_3_font_size=&#8221;27px&#8221; header_3_line_height=&#8221;1.4em&#8221; global_colors_info=&#8221;{}&#8221;]<\/p>\n<h3>Un\u2019esperienza di shopping pensata per chi cerca stile, qualit\u00e0 e convenienza, in un ambiente dinamico che valorizza la moda accessibile per tutta la famiglia.<\/h3>\n<p>[\/et_pb_text][\/et_pb_column][\/et_pb_row][et_pb_row column_structure=&#8221;1_2,1_2&#8243; _builder_version=&#8221;4.27.5&#8243; _module_preset=&#8221;default&#8221; locked=&#8221;off&#8221; global_colors_info=&#8221;{}&#8221;][et_pb_column type=&#8221;1_2&#8243; _builder_version=&#8221;4.27.5&#8243; _module_preset=&#8221;default&#8221; global_colors_info=&#8221;{}&#8221;][et_pb_image src=&#8221;https:\/\/cgsstock.2fcom.it\/wp-content\/uploads\/2026\/02\/negozio-1.jpg&#8221; align=&#8221;center&#8221; force_fullwidth=&#8221;on&#8221; _builder_version=&#8221;4.27.5&#8243; _module_preset=&#8221;default&#8221; border_radii=&#8221;on|50px|50px|50px|50px&#8221; global_colors_info=&#8221;{}&#8221;][\/et_pb_image][\/et_pb_column][et_pb_column type=&#8221;1_2&#8243; _builder_version=&#8221;4.27.5&#8243; _module_preset=&#8221;default&#8221; global_colors_info=&#8221;{}&#8221;][et_pb_image src=&#8221;https:\/\/cgsstock.2fcom.it\/wp-content\/uploads\/2026\/02\/negozio-2.jpg&#8221; align=&#8221;center&#8221; force_fullwidth=&#8221;on&#8221; _builder_version=&#8221;4.27.5&#8243; _module_preset=&#8221;default&#8221; border_radii=&#8221;on|50px|50px|50px|50px&#8221; global_colors_info=&#8221;{}&#8221;][\/et_pb_image][\/et_pb_column][\/et_pb_row][et_pb_row _builder_version=&#8221;4.27.5&#8243; _module_preset=&#8221;default&#8221; global_colors_info=&#8221;{}&#8221;][et_pb_column type=&#8221;4_4&#8243; _builder_version=&#8221;4.27.5&#8243; _module_preset=&#8221;default&#8221; global_colors_info=&#8221;{}&#8221;][et_pb_gallery gallery_ids=&#8221;134,137,135,136,138,139,140,141&#8243; posts_number=&#8221;24&#8243; show_title_and_caption=&#8221;off&#8221; zoom_icon_color=&#8221;#ffffff&#8221; hover_overlay_color=&#8221;rgba(0,0,0,0.41)&#8221; hover_icon=&#8221;&#x54;||divi||400&#8243; _builder_version=&#8221;4.27.5&#8243; _module_preset=&#8221;default&#8221; custom_margin=&#8221;||||false|false&#8221; custom_padding=&#8221;||||false|false&#8221; border_radii=&#8221;on|15px|15px|15px|15px&#8221; global_colors_info=&#8221;{}&#8221;][\/et_pb_gallery][\/et_pb_column][\/et_pb_row][\/et_pb_section][et_pb_section fb_built=&#8221;1&#8243; _builder_version=&#8221;4.27.5&#8243; _module_preset=&#8221;default&#8221; background_color=&#8221;#f0eee9&#8243; custom_margin=&#8221;||102px||false|false&#8221; custom_padding=&#8221;100px||100px||false|false&#8221; global_colors_info=&#8221;{}&#8221;][et_pb_row column_structure=&#8221;1_4,3_4&#8243; _builder_version=&#8221;4.27.5&#8243; _module_preset=&#8221;default&#8221; custom_margin=&#8221;||||true|false&#8221; custom_padding=&#8221;50px|50px|50px|50px|true|true&#8221; border_radii=&#8221;on|50px|50px|50px|50px&#8221; border_width_all=&#8221;3px&#8221; border_color_all=&#8221;#006882&#8243; global_colors_info=&#8221;{}&#8221;][et_pb_column type=&#8221;1_4&#8243; _builder_version=&#8221;4.27.5&#8243; _module_preset=&#8221;default&#8221; global_colors_info=&#8221;{}&#8221;][et_pb_icon font_icon=&#8221;&#xf1ea;||fa||900&#8243; icon_color=&#8221;#006882&#8243; icon_width=&#8221;72px&#8221; align=&#8221;left&#8221; _builder_version=&#8221;4.27.5&#8243; _module_preset=&#8221;default&#8221; custom_margin=&#8221;||||false|false&#8221; custom_padding=&#8221;6px|20px|6px|20px|true|true&#8221; border_radii=&#8221;on|50px|50px|50px|50px&#8221; border_width_all=&#8221;5px&#8221; border_color_all=&#8221;rgba(0,0,0,0.3)&#8221; locked=&#8221;off&#8221; global_colors_info=&#8221;{}&#8221;][\/et_pb_icon][\/et_pb_column][et_pb_column type=&#8221;3_4&#8243; _builder_version=&#8221;4.27.5&#8243; _module_preset=&#8221;default&#8221; global_colors_info=&#8221;{}&#8221;][et_pb_text _builder_version=&#8221;4.27.5&#8243; _module_preset=&#8221;default&#8221; global_colors_info=&#8221;{}&#8221; custom_margin=&#8221;||0px||false|false&#8221; ul_item_indent=&#8221;30px&#8221; ul_line_height=&#8221;1.5em&#8221; hover_enabled=&#8221;0&#8243; sticky_enabled=&#8221;0&#8243;]<\/p>\n<h2 data-start=\"105\" data-end=\"143\"><strong>Iscriviti alla nostra newsletter<\/strong><\/h2>\n<p data-start=\"144\" data-end=\"244\">\n<p data-start=\"144\" data-end=\"244\">Rimani aggiornato sulle <strong data-start=\"168\" data-end=\"223\">ultime novit\u00e0, offerte esclusive e nuove collezioni<\/strong> di TAG MEGA STORE!<\/p>\n<p data-start=\"246\" data-end=\"323\">Iscrivendoti alla nostra newsletter riceverai direttamente nella tua email:<\/p>\n<ul data-start=\"324\" data-end=\"489\">\n<li data-start=\"324\" data-end=\"375\">\n<p data-start=\"326\" data-end=\"375\">Promozioni e sconti riservati ai nostri clienti<\/p>\n<\/li>\n<li data-start=\"376\" data-end=\"436\">\n<p data-start=\"378\" data-end=\"436\">Aggiornamenti sugli stock e sugli articoli pi\u00f9 richiesti<\/p>\n<\/li>\n<li data-start=\"437\" data-end=\"489\">\n<p data-start=\"439\" data-end=\"489\">Anteprime delle collezioni Uomo, Donna e Bambino<\/p>\n<\/li>\n<\/ul>\n<p data-start=\"491\" data-end=\"647\">Non perdere l\u2019occasione di fare shopping intelligente, conveniente e sempre alla moda.<\/p>\n<p data-start=\"491\" data-end=\"647\"><br data-start=\"581\" data-end=\"584\" \/><strong>Compila il modulo qui sotto e unisciti alla nostra community!<\/strong><\/p>\n<p>[\/et_pb_text][dsm_contact_form_7 cf7_library=&#8221;128&#8243; input_background_color=&#8221;#FFFFFF&#8221; _builder_version=&#8221;4.27.5&#8243; _module_preset=&#8221;default&#8221; custom_button_one=&#8221;on&#8221; button_one_text_color=&#8221;#FFFFFF&#8221; hover_enabled=&#8221;0&#8243; border_radii_image=&#8221;on|15px|15px|15px|15px&#8221; global_colors_info=&#8221;{}&#8221; custom_margin=&#8221;||||false|false&#8221; custom_padding=&#8221;30px||||false|false&#8221; sticky_enabled=&#8221;0&#8243;][\/dsm_contact_form_7][\/et_pb_column][\/et_pb_row][\/et_pb_section][et_pb_section fb_built=&#8221;1&#8243; _builder_version=&#8221;4.27.5&#8243; _module_preset=&#8221;default&#8221; custom_padding=&#8221;50px||||false|false&#8221; global_colors_info=&#8221;{}&#8221;][et_pb_row _builder_version=&#8221;4.27.5&#8243; _module_preset=&#8221;default&#8221; global_colors_info=&#8221;{}&#8221;][et_pb_column type=&#8221;4_4&#8243; _builder_version=&#8221;4.27.5&#8243; _module_preset=&#8221;default&#8221; global_colors_info=&#8221;{}&#8221;][dsm_image_carousel gallery_ids=&#8221;209,208,207,206,205,204&#8243; lazyload=&#8221;on&#8221; pause_on_hover=&#8221;on&#8221; dots=&#8221;off&#8221; arrow_color=&#8221;#000000&#8243; _builder_version=&#8221;4.27.5&#8243; _module_preset=&#8221;default&#8221; border_radii_arrow=&#8221;on|50px|50px|50px|50px&#8221; box_shadow_style_arrow=&#8221;preset2&#8243; box_shadow_horizontal_arrow=&#8221;5px&#8221; box_shadow_vertical_arrow=&#8221;4px&#8221; box_shadow_blur_arrow=&#8221;14px&#8221; global_colors_info=&#8221;{}&#8221;][\/dsm_image_carousel][\/et_pb_column][\/et_pb_row][\/et_pb_section]<\/p>\n","protected":false},"excerpt":{"rendered":"<p>TAG MEGA STORE \u00e8 il punto di riferimento per lo shopping outlet e stock dedicato ai privati, con un\u2019ampia selezione di abbigliamento, calzature e accessori per Uomo, Donna e Bambino, che unisce qualit\u00e0, stile e convenienza.TAG MEGA STORE \u00e8 il negozio di C.G.S. Centro Gestione Stock dedicato esclusivamente ai privati, dove qualit\u00e0, convenienza e stile si incontrano in un\u2019esperienza di acquisto unica. All\u2019interno del nostro store \u00e8 possibile trovare un\u2019ampia selezione di abbigliamento, calzature e accessori provenienti da outlet e stock dei migliori fornitori, oltre a resi di fine stagione. Ogni articolo \u00e8 scelto con cura per garantire ai clienti prodotti di qualit\u00e0 a prezzi competitivi, con un\u2019attenzione particolare ai brand pi\u00f9 richiesti e alle tendenze del momento.TAG MEGA STORE offre un assortimento sempre rinnovato, pensato per soddisfare le esigenze di Uomo, Donna e Bambino. La variet\u00e0 delle proposte e il continuo aggiornamento delle collezioni permettono di scoprire ogni giorno nuove opportunit\u00e0 di acquisto, con un perfetto equilibrio tra moda, qualit\u00e0 e risparmio. Il nostro obiettivo \u00e8 rendere lo shopping accessibile, conveniente e piacevole, offrendo ai clienti la possibilit\u00e0 di acquistare capi selezionati a condizioni vantaggiose, senza rinunciare allo stile e all\u2019affidabilit\u00e0 dei migliori marchi. TAG MEGA STORE non \u00e8 [&hellip;]<\/p>\n","protected":false},"author":1,"featured_media":0,"parent":0,"menu_order":0,"comment_status":"closed","ping_status":"closed","template":"","meta":{"_et_pb_use_builder":"on","_et_pb_old_content":"","_et_gb_content_width":"","footnotes":""},"class_list":["post-24","page","type-page","status-publish","hentry"],"_links":{"self":[{"href":"https:\/\/cgsstock.2fcom.it\/index.php\/wp-json\/wp\/v2\/pages\/24","targetHints":{"allow":["GET"]}}],"collection":[{"href":"https:\/\/cgsstock.2fcom.it\/index.php\/wp-json\/wp\/v2\/pages"}],"about":[{"href":"https:\/\/cgsstock.2fcom.it\/index.php\/wp-json\/wp\/v2\/types\/page"}],"author":[{"embeddable":true,"href":"https:\/\/cgsstock.2fcom.it\/index.php\/wp-json\/wp\/v2\/users\/1"}],"replies":[{"embeddable":true,"href":"https:\/\/cgsstock.2fcom.it\/index.php\/wp-json\/wp\/v2\/comments?post=24"}],"version-history":[{"count":15,"href":"https:\/\/cgsstock.2fcom.it\/index.php\/wp-json\/wp\/v2\/pages\/24\/revisions"}],"predecessor-version":[{"id":223,"href":"https:\/\/cgsstock.2fcom.it\/index.php\/wp-json\/wp\/v2\/pages\/24\/revisions\/223"}],"wp:attachment":[{"href":"https:\/\/cgsstock.2fcom.it\/index.php\/wp-json\/wp\/v2\/media?parent=24"}],"curies":[{"name":"wp","href":"https:\/\/api.w.org\/{rel}","templated":true}]}}