{"id":30,"date":"2026-01-30T16:10:50","date_gmt":"2026-01-30T16:10:50","guid":{"rendered":"https:\/\/cgsstock.2fcom.it\/?page_id=30"},"modified":"2026-02-05T10:07:06","modified_gmt":"2026-02-05T10:07:06","slug":"lavora-con-noi","status":"publish","type":"page","link":"https:\/\/cgsstock.2fcom.it\/index.php\/lavora-con-noi\/","title":{"rendered":"Lavora con noi"},"content":{"rendered":"<p>[et_pb_section fb_built=&#8221;1&#8243; next_background_color=&#8221;#ffffff&#8221; _builder_version=&#8221;4.27.5&#8243; _module_preset=&#8221;default&#8221; use_background_color_gradient=&#8221;on&#8221; background_color_gradient_direction=&#8221;118deg&#8221; background_color_gradient_stops=&#8221;rgba(0,0,0,0.9) 0%|rgba(0,104,130,0.84) 50%|rgba(0,104,130,0.27) 100%&#8221; custom_margin=&#8221;||||false|false&#8221; custom_padding=&#8221;35px||80px||false|false&#8221; bottom_divider_style=&#8221;curve&#8221; global_colors_info=&#8221;{}&#8221;][et_pb_row column_structure=&#8221;1_2,1_2&#8243; _builder_version=&#8221;4.27.5&#8243; _module_preset=&#8221;default&#8221; global_colors_info=&#8221;{}&#8221;][et_pb_column type=&#8221;1_2&#8243; _builder_version=&#8221;4.27.5&#8243; _module_preset=&#8221;default&#8221; global_colors_info=&#8221;{}&#8221;][et_pb_heading title=&#8221;LAVORA CON NOI&#8221; _builder_version=&#8221;4.27.5&#8243; _module_preset=&#8221;default&#8221; title_text_color=&#8221;#FFFFFF&#8221; global_colors_info=&#8221;{}&#8221;][\/et_pb_heading][et_pb_text _builder_version=&#8221;4.27.5&#8243; _module_preset=&#8221;default&#8221; header_3_text_color=&#8221;#FFFFFF&#8221; header_3_font_size=&#8221;39px&#8221; header_4_text_color=&#8221;#FFFFFF&#8221; custom_margin=&#8221;-36px||||false|false&#8221; custom_padding=&#8221;||||false|false&#8221; global_colors_info=&#8221;{}&#8221;]<\/p>\n<h3>Diventa partner CGS e fai crescere il tuo business<\/h3>\n<p>[\/et_pb_text][\/et_pb_column][et_pb_column type=&#8221;1_2&#8243; _builder_version=&#8221;4.27.5&#8243; _module_preset=&#8221;default&#8221; global_colors_info=&#8221;{}&#8221;][et_pb_text _builder_version=&#8221;4.27.5&#8243; _module_preset=&#8221;default&#8221; text_text_color=&#8221;#FFFFFF&#8221; global_colors_info=&#8221;{}&#8221;]<\/p>\n<p>Hai un negozio, un outlet o un\u2019attivit\u00e0 commerciale nel settore moda?<br \/>Con <strong>C.G.S. \u2013 Centro Gestione Stock<\/strong> hai l\u2019opportunit\u00e0 di accedere a stock e rimanenze di fine stagione a condizioni vantaggiose, ampliando la tua offerta con prodotti di qualit\u00e0 e aumentando la competitivit\u00e0 del tuo punto vendita.<\/p>\n<p>[\/et_pb_text][\/et_pb_column][\/et_pb_row][\/et_pb_section][et_pb_section fb_built=&#8221;1&#8243; _builder_version=&#8221;4.27.5&#8243; _module_preset=&#8221;default&#8221; custom_margin=&#8221;||||false|false&#8221; custom_padding=&#8221;100px||100px||false|false&#8221; bottom_divider_height=&#8221;70px&#8221; global_colors_info=&#8221;{}&#8221;][et_pb_row column_structure=&#8221;1_2,1_2&#8243; _builder_version=&#8221;4.27.5&#8243; _module_preset=&#8221;default&#8221; custom_margin=&#8221;||||true|false&#8221; custom_padding=&#8221;50px|50px|50px|50px|true|true&#8221; border_radii=&#8221;on|50px|50px|50px|50px&#8221; border_width_all=&#8221;3px&#8221; border_color_all=&#8221;#006882&#8243; global_colors_info=&#8221;{}&#8221;][et_pb_column type=&#8221;1_2&#8243; _builder_version=&#8221;4.27.5&#8243; _module_preset=&#8221;default&#8221; global_colors_info=&#8221;{}&#8221;][et_pb_text _builder_version=&#8221;4.27.5&#8243; _module_preset=&#8221;default&#8221; hover_enabled=&#8221;0&#8243; global_colors_info=&#8221;{}&#8221; sticky_enabled=&#8221;0&#8243;]<\/p>\n<h4><strong>Il nostro team \u00e8 a tua disposizione per aiutarti a individuare le soluzioni pi\u00f9 adatte al tuo business, offrendoti un servizio personalizzato e orientato ai risultati.<\/strong><\/h4>\n<p>[\/et_pb_text][et_pb_text _builder_version=&#8221;4.27.5&#8243; _module_preset=&#8221;default&#8221; custom_margin=&#8221;||||false|false&#8221; global_colors_info=&#8221;{}&#8221;]<\/p>\n<p>Da oltre 30 anni <strong>CGS<\/strong> \u00e8 un punto di riferimento nel mercato dello <strong>stock d\u2019abbigliamento, calzature e accessori per Uomo, Donna e Bambino<\/strong>. Collaboriamo con fornitori selezionati e proponiamo stock accuratamente scelti, con un assortimento equilibrato e un alto potenziale commerciale, pensato per rispondere alle reali esigenze del mercato.<\/p>\n<p>[\/et_pb_text][et_pb_divider _builder_version=&#8221;4.27.5&#8243; _module_preset=&#8221;default&#8221; global_colors_info=&#8221;{}&#8221;][\/et_pb_divider][et_pb_text _builder_version=&#8221;4.27.5&#8243; _module_preset=&#8221;default&#8221; custom_margin=&#8221;||0px||false|false&#8221; hover_enabled=&#8221;0&#8243; global_colors_info=&#8221;{}&#8221; sticky_enabled=&#8221;0&#8243; ul_item_indent=&#8221;30px&#8221; ul_line_height=&#8221;1.5em&#8221;]<\/p>\n<p><strong>Perch\u00e9 diventare rivenditore CGS<\/strong><\/p>\n<ul>\n<li>Accesso a stock selezionati e aggiornati<\/li>\n<li>Prodotti di qualit\u00e0, firmati e Made in Italy<\/li>\n<li>Condizioni commerciali competitive<\/li>\n<li>Supporto e consulenza nella scelta degli articoli pi\u00f9 vendibili<\/li>\n<li>Un partner affidabile e con esperienza consolidata nel settore<\/li>\n<\/ul>\n<p>[\/et_pb_text][\/et_pb_column][et_pb_column type=&#8221;1_2&#8243; _builder_version=&#8221;4.27.5&#8243; _module_preset=&#8221;default&#8221; global_colors_info=&#8221;{}&#8221;][et_pb_icon font_icon=&#8221;&#xf2b5;||fa||900&#8243; icon_color=&#8221;#006882&#8243; icon_width=&#8221;72px&#8221; align=&#8221;left&#8221; _builder_version=&#8221;4.27.5&#8243; _module_preset=&#8221;default&#8221; custom_margin=&#8221;||||false|false&#8221; custom_padding=&#8221;6px|20px|6px|20px|true|true&#8221; border_radii=&#8221;on|50px|50px|50px|50px&#8221; border_width_all=&#8221;5px&#8221; border_color_all=&#8221;rgba(0,0,0,0.3)&#8221; global_colors_info=&#8221;{}&#8221;][\/et_pb_icon][et_pb_text _builder_version=&#8221;4.27.5&#8243; _module_preset=&#8221;default&#8221; global_colors_info=&#8221;{}&#8221;]<\/p>\n<h4><strong>Contattaci subito!<\/strong><\/h4>\n<p>[\/et_pb_text][et_pb_text _builder_version=&#8221;4.27.5&#8243; _module_preset=&#8221;default&#8221; custom_margin=&#8221;||||false|false&#8221; global_colors_info=&#8221;{}&#8221;]<\/p>\n<p>Scopri come diventare rivenditore CGS e dare nuovo valore alla tua offerta commerciale.<\/p>\n<p>[\/et_pb_text][et_pb_text _builder_version=&#8221;4.27.5&#8243; _module_preset=&#8221;default&#8221; custom_margin=&#8221;||0px||false|false&#8221; global_colors_info=&#8221;{}&#8221;]<\/p>\n<p><strong>Chiama il numero:<\/strong><\/p>\n<p>[\/et_pb_text][dsm_icon_list icon_font_size=&#8221;63px&#8221; _builder_version=&#8221;4.27.5&#8243; _module_preset=&#8221;default&#8221; text_font=&#8221;|800|||||||&#8221; hover_enabled=&#8221;0&#8243; locked=&#8221;off&#8221; global_colors_info=&#8221;{}&#8221; text_font_size=&#8221;30px&#8221; sticky_enabled=&#8221;0&#8243;][dsm_icon_list_child text=&#8221;+39 02 33500290&#8243; font_icon=&#8221;&#x24;||divi||400&#8243; url=&#8221;tel:390233500290&#8243; url_new_window=&#8221;on&#8221; _builder_version=&#8221;4.27.5&#8243; _module_preset=&#8221;default&#8221; global_colors_info=&#8221;{}&#8221;][\/dsm_icon_list_child][\/dsm_icon_list][et_pb_text _builder_version=&#8221;4.27.5&#8243; _module_preset=&#8221;default&#8221; custom_margin=&#8221;||0px||false|false&#8221; global_colors_info=&#8221;{}&#8221;]<\/p>\n<p><strong>Scrivi una email:<\/strong><\/p>\n<p>[\/et_pb_text][dsm_icon_list icon_font_size=&#8221;63px&#8221; _builder_version=&#8221;4.27.5&#8243; _module_preset=&#8221;default&#8221; text_font=&#8221;|800|||||||&#8221; hover_enabled=&#8221;0&#8243; locked=&#8221;off&#8221; global_colors_info=&#8221;{}&#8221; text_font_size=&#8221;30px&#8221; sticky_enabled=&#8221;0&#8243;][dsm_icon_list_child text=&#8221;info@cgs-stock.com&#8221; font_icon=&#8221;&#x24;||divi||400&#8243; url=&#8221;mailto:info@cgs-stock.com&#8221; url_new_window=&#8221;on&#8221; _builder_version=&#8221;4.27.5&#8243; _module_preset=&#8221;default&#8221; global_colors_info=&#8221;{}&#8221;][\/dsm_icon_list_child][\/dsm_icon_list][et_pb_text _builder_version=&#8221;4.27.5&#8243; _module_preset=&#8221;default&#8221; custom_margin=&#8221;||||false|false&#8221; hover_enabled=&#8221;0&#8243; global_colors_info=&#8221;{}&#8221; sticky_enabled=&#8221;0&#8243;]<\/p>\n<h4><strong>Entra a far parte del network CGS e costruisci con noi nuove opportunit\u00e0 di crescita.<\/strong><\/h4>\n<p>[\/et_pb_text][\/et_pb_column][\/et_pb_row][\/et_pb_section]<\/p>\n","protected":false},"excerpt":{"rendered":"<p>Diventa partner CGS e fai crescere il tuo businessHai un negozio, un outlet o un\u2019attivit\u00e0 commerciale nel settore moda?Con C.G.S. \u2013 Centro Gestione Stock hai l\u2019opportunit\u00e0 di accedere a stock e rimanenze di fine stagione a condizioni vantaggiose, ampliando la tua offerta con prodotti di qualit\u00e0 e aumentando la competitivit\u00e0 del tuo punto vendita.Il nostro team \u00e8 a tua disposizione per aiutarti a individuare le soluzioni pi\u00f9 adatte al tuo business, offrendoti un servizio personalizzato e orientato ai risultati.Da oltre 30 anni CGS \u00e8 un punto di riferimento nel mercato dello stock d\u2019abbigliamento, calzature e accessori per Uomo, Donna e Bambino. Collaboriamo con fornitori selezionati e proponiamo stock accuratamente scelti, con un assortimento equilibrato e un alto potenziale commerciale, pensato per rispondere alle reali esigenze del mercato.Perch\u00e9 diventare rivenditore CGS Accesso a stock selezionati e aggiornati Prodotti di qualit\u00e0, firmati e Made in Italy Condizioni commerciali competitive Supporto e consulenza nella scelta degli articoli pi\u00f9 vendibili Un partner affidabile e con esperienza consolidata nel settore Contattaci subito!Scopri come diventare rivenditore CGS e dare nuovo valore alla tua offerta commerciale.Chiama il numero:<div class=\"et_pb_module dsm_icon_list dsm_icon_list_0\">\n\t\t\t\t\n\t\t\t\t\n\t\t\t\t\n\t\t\t\t\n\t\t\t\t\n\t\t\t\t\n\t\t\t\t<div class=\"et_pb_module_inner\">\n\t\t\t\t\t<ul class=\"dsm_icon_list_items dsm_icon_list_ltr_direction dsm_icon_list_layout_vertical\"><li class=\"dsm_icon_list_child dsm_icon_list_child_0\">\n\t\t\t\t\n\t\t\t\t\n\t\t\t\t\n\t\t\t\t\n\t\t\t\t<a href=\"tel:390233500290\" target=\"_blank\"><span class=\"dsm_icon_list_wrapper\"><span class=\"dsm_icon_list_icon\">$<\/span><\/span><span class=\"dsm_icon_list_text\">+39 02 33500290<\/span><\/a>\n\t\t\t<\/li><\/ul>\n\t\t\t\t<\/div>\n\t\t\t<\/div>Scrivi una [&hellip;]<\/p>\n","protected":false},"author":1,"featured_media":0,"parent":0,"menu_order":0,"comment_status":"closed","ping_status":"closed","template":"","meta":{"_et_pb_use_builder":"on","_et_pb_old_content":"","_et_gb_content_width":"","footnotes":""},"class_list":["post-30","page","type-page","status-publish","hentry"],"_links":{"self":[{"href":"https:\/\/cgsstock.2fcom.it\/index.php\/wp-json\/wp\/v2\/pages\/30","targetHints":{"allow":["GET"]}}],"collection":[{"href":"https:\/\/cgsstock.2fcom.it\/index.php\/wp-json\/wp\/v2\/pages"}],"about":[{"href":"https:\/\/cgsstock.2fcom.it\/index.php\/wp-json\/wp\/v2\/types\/page"}],"author":[{"embeddable":true,"href":"https:\/\/cgsstock.2fcom.it\/index.php\/wp-json\/wp\/v2\/users\/1"}],"replies":[{"embeddable":true,"href":"https:\/\/cgsstock.2fcom.it\/index.php\/wp-json\/wp\/v2\/comments?post=30"}],"version-history":[{"count":8,"href":"https:\/\/cgsstock.2fcom.it\/index.php\/wp-json\/wp\/v2\/pages\/30\/revisions"}],"predecessor-version":[{"id":222,"href":"https:\/\/cgsstock.2fcom.it\/index.php\/wp-json\/wp\/v2\/pages\/30\/revisions\/222"}],"wp:attachment":[{"href":"https:\/\/cgsstock.2fcom.it\/index.php\/wp-json\/wp\/v2\/media?parent=30"}],"curies":[{"name":"wp","href":"https:\/\/api.w.org\/{rel}","templated":true}]}}